{"id":6215,"date":"2024-07-06T20:27:54","date_gmt":"2024-07-06T23:27:54","guid":{"rendered":"https:\/\/lefashionmodas.com.br\/?post_type=product&#038;p=6215"},"modified":"2025-03-29T10:14:13","modified_gmt":"2025-03-29T13:14:13","slug":"vestido-myla-em-tweed","status":"publish","type":"product","link":"https:\/\/lefashionmodas.com.br\/pt_br\/produto\/vestido-myla-em-tweed\/","title":{"rendered":"Vestido Myla Em Tweed"},"content":{"rendered":"\t\t<div data-elementor-type=\"product-post\" data-elementor-id=\"6215\" class=\"elementor elementor-6215\" data-elementor-post-type=\"product\">\n\t\t\t\t\t\t<section class=\"elementor-section elementor-top-section elementor-element elementor-element-59a4ec49 elementor-section-boxed elementor-section-height-default elementor-section-height-default\" data-id=\"59a4ec49\" data-element_type=\"section\" data-e-type=\"section\">\n\t\t\t\t\t\t<div class=\"elementor-container elementor-column-gap-default\">\n\t\t\t\t\t<div class=\"elementor-column elementor-col-100 elementor-top-column elementor-element elementor-element-7a15acfd\" data-id=\"7a15acfd\" data-element_type=\"column\" data-e-type=\"column\">\n\t\t\t<div class=\"elementor-widget-wrap elementor-element-populated\">\n\t\t\t\t\t\t<div class=\"elementor-element elementor-element-4a8284f elementor-icon-list--layout-traditional elementor-list-item-link-full_width elementor-widget elementor-widget-icon-list\" data-id=\"4a8284f\" data-element_type=\"widget\" data-e-type=\"widget\" data-widget_type=\"icon-list.default\">\n\t\t\t\t<div class=\"elementor-widget-container\">\n\t\t\t\t\t\t\t<ul class=\"elementor-icon-list-items\">\n\t\t\t\t\t\t\t<li class=\"elementor-icon-list-item\">\n\t\t\t\t\t\t\t\t\t\t\t<a href=\"#elementor-action%3Aaction%3Dpopup%3Aopen%26settings%3DeyJpZCI6IjQ1MzgiLCJ0b2dnbGUiOmZhbHNlfQ%3D%3D\">\n\n\t\t\t\t\t\t\t\t\t\t\t\t<span class=\"elementor-icon-list-icon\">\n\t\t\t\t\t\t\t<i aria-hidden=\"true\" class=\"fas fa-ruler\"><\/i>\t\t\t\t\t\t<\/span>\n\t\t\t\t\t\t\t\t\t\t<span class=\"elementor-icon-list-text\">Tabela de Medidas<\/span>\n\t\t\t\t\t\t\t\t\t\t\t<\/a>\n\t\t\t\t\t\t\t\t\t<\/li>\n\t\t\t\t\t\t<\/ul>\n\t\t\t\t\t\t<\/div>\n\t\t\t\t<\/div>\n\t\t\t\t<div class=\"elementor-element elementor-element-4d72b479 elementor-widget elementor-widget-text-editor\" data-id=\"4d72b479\" data-element_type=\"widget\" data-e-type=\"widget\" data-widget_type=\"text-editor.default\">\n\t\t\t\t<div class=\"elementor-widget-container\">\n\t\t\t\t\t\t\t\t\t<div class=\"content user-select-text\" tabindex=\"0\" aria-description=\"\" aria-label=\"Enviado por Copilot: Claro! Aqui est\u00e1 uma descri\u00e7\u00e3o otimizada para o vestido Myla:\r\n\r\n**Vestido Myla em tweed Cotton com elastano \/ forrado com z\u00edper nas costas manga 7\/8 detalhes na gola e bolsos. Modelagem impec\u00e1vel. Cores: cinza e preto fosco (quase um cinza escuro). Tamanho: cinza P, preto P, M, G.**\r\n\r\nEspero que essa descri\u00e7\u00e3o atenda \u00e0s suas necessidades! \ud83d\ude0a\">\r\n<div class=\"ac-container ac-adaptiveCard has-image\">\r\n<div class=\"ac-textBlock\">\r\n\r\nVestido Myla em tweed Cotton com elastano \/ forrado com z\u00edper nas costas manga 7\/8 detalhes na gola e bolsos. Modelagem impec\u00e1vel. Cores: cinza e preto fosco (quase um cinza escuro). Tamanho: cinza P, preto P, M, G.\r\n\r\n<\/div>\r\n<\/div>\r\n<\/div>\t\t\t\t\t\t\t\t<\/div>\n\t\t\t\t<\/div>\n\t\t\t\t\t<\/div>\n\t\t<\/div>\n\t\t\t\t\t<\/div>\n\t\t<\/section>\n\t\t\t\t<\/div>\n\t\t","protected":false},"excerpt":{"rendered":"<p>Vestido Myla em tweed com z\u00edper nas costas. Modelagem impec\u00e1vel, nas cores cinza e preto. Tamanhos P, M, G. Acesse agora nosso site e aproveite nossas ofertas!<\/p>\n","protected":false},"featured_media":6217,"comment_status":"open","ping_status":"closed","template":"","meta":{"site-sidebar-layout":"default","site-content-layout":"","ast-site-content-layout":"default","site-content-style":"default","site-sidebar-style":"default","ast-global-header-display":"","ast-banner-title-visibility":"","ast-main-header-display":"","ast-hfb-above-header-display":"","ast-hfb-below-header-display":"","ast-hfb-mobile-header-display":"","site-post-title":"","ast-breadcrumbs-content":"","ast-featured-img":"","footer-sml-layout":"","ast-disable-related-posts":"","theme-transparent-header-meta":"default","adv-header-id-meta":"","stick-header-meta":"","header-above-stick-meta":"","header-main-stick-meta":"","header-below-stick-meta":"","astra-migrate-meta-layouts":"set","ast-page-background-enabled":"default","ast-page-background-meta":{"desktop":{"background-color":"","background-image":"","background-repeat":"repeat","background-position":"center center","background-size":"auto","background-attachment":"scroll","background-type":"","background-media":"","overlay-type":"","overlay-color":"","overlay-opacity":"","overlay-gradient":""},"tablet":{"background-color":"","background-image":"","background-repeat":"repeat","background-position":"center center","background-size":"auto","background-attachment":"scroll","background-type":"","background-media":"","overlay-type":"","overlay-color":"","overlay-opacity":"","overlay-gradient":""},"mobile":{"background-color":"","background-image":"","background-repeat":"repeat","background-position":"center center","background-size":"auto","background-attachment":"scroll","background-type":"","background-media":"","overlay-type":"","overlay-color":"","overlay-opacity":"","overlay-gradient":""}},"ast-content-background-meta":{"desktop":{"background-color":"var(--ast-global-color-5)","background-image":"","background-repeat":"repeat","background-position":"center center","background-size":"auto","background-attachment":"scroll","background-type":"","background-media":"","overlay-type":"","overlay-color":"","overlay-opacity":"","overlay-gradient":""},"tablet":{"background-color":"var(--ast-global-color-5)","background-image":"","background-repeat":"repeat","background-position":"center center","background-size":"auto","background-attachment":"scroll","background-type":"","background-media":"","overlay-type":"","overlay-color":"","overlay-opacity":"","overlay-gradient":""},"mobile":{"background-color":"var(--ast-global-color-5)","background-image":"","background-repeat":"repeat","background-position":"center center","background-size":"auto","background-attachment":"scroll","background-type":"","background-media":"","overlay-type":"","overlay-color":"","overlay-opacity":"","overlay-gradient":""}}},"product_brand":[],"product_cat":[19],"product_tag":[47],"class_list":{"0":"post-6215","1":"product","2":"type-product","3":"status-publish","4":"has-post-thumbnail","6":"product_cat-vestidos","7":"product_tag-vestido","8":"pa_cor-cinza-escuro","9":"pa_cor-preto-fosco","10":"pa_tamanho-g","11":"pa_tamanho-m","12":"pa_tamanho-p","13":"desktop-align-center","14":"tablet-align-left","15":"mobile-align-center","17":"first","18":"instock","19":"sale","20":"taxable","21":"shipping-taxable","22":"purchasable","23":"product-type-variable"},"aioseo_notices":[],"_links":{"self":[{"href":"https:\/\/lefashionmodas.com.br\/pt_br\/wp-json\/wp\/v2\/product\/6215","targetHints":{"allow":["GET"]}}],"collection":[{"href":"https:\/\/lefashionmodas.com.br\/pt_br\/wp-json\/wp\/v2\/product"}],"about":[{"href":"https:\/\/lefashionmodas.com.br\/pt_br\/wp-json\/wp\/v2\/types\/product"}],"replies":[{"embeddable":true,"href":"https:\/\/lefashionmodas.com.br\/pt_br\/wp-json\/wp\/v2\/comments?post=6215"}],"version-history":[{"count":0,"href":"https:\/\/lefashionmodas.com.br\/pt_br\/wp-json\/wp\/v2\/product\/6215\/revisions"}],"wp:featuredmedia":[{"embeddable":true,"href":"https:\/\/lefashionmodas.com.br\/pt_br\/wp-json\/wp\/v2\/media\/6217"}],"wp:attachment":[{"href":"https:\/\/lefashionmodas.com.br\/pt_br\/wp-json\/wp\/v2\/media?parent=6215"}],"wp:term":[{"taxonomy":"product_brand","embeddable":true,"href":"https:\/\/lefashionmodas.com.br\/pt_br\/wp-json\/wp\/v2\/product_brand?post=6215"},{"taxonomy":"product_cat","embeddable":true,"href":"https:\/\/lefashionmodas.com.br\/pt_br\/wp-json\/wp\/v2\/product_cat?post=6215"},{"taxonomy":"product_tag","embeddable":true,"href":"https:\/\/lefashionmodas.com.br\/pt_br\/wp-json\/wp\/v2\/product_tag?post=6215"}],"curies":[{"name":"wp","href":"https:\/\/api.w.org\/{rel}","templated":true}]}}