{"id":5640,"date":"2023-12-31T00:20:08","date_gmt":"2023-12-31T00:20:08","guid":{"rendered":"https:\/\/lefashionmodas.com.br\/?post_type=product&#038;p=5640"},"modified":"2024-03-05T23:52:42","modified_gmt":"2024-03-06T02:52:42","slug":"blusa-viscolinho","status":"publish","type":"product","link":"https:\/\/lefashionmodas.com.br\/pt_br\/produto\/blusa-viscolinho\/","title":{"rendered":"Blusa Viscolinho"},"content":{"rendered":"\t\t<div data-elementor-type=\"product-post\" data-elementor-id=\"5640\" class=\"elementor elementor-5640\" data-elementor-post-type=\"product\">\n\t\t\t\t\t\t<section class=\"elementor-section elementor-top-section elementor-element elementor-element-d237517 elementor-section-boxed elementor-section-height-default elementor-section-height-default\" data-id=\"d237517\" data-element_type=\"section\" data-e-type=\"section\">\n\t\t\t\t\t\t<div class=\"elementor-container elementor-column-gap-default\">\n\t\t\t\t\t<div class=\"elementor-column elementor-col-100 elementor-top-column elementor-element elementor-element-150db5a\" data-id=\"150db5a\" data-element_type=\"column\" data-e-type=\"column\">\n\t\t\t<div class=\"elementor-widget-wrap elementor-element-populated\">\n\t\t\t\t\t\t<div class=\"elementor-element elementor-element-1aa2479 elementor-icon-list--layout-traditional elementor-list-item-link-full_width elementor-widget elementor-widget-icon-list\" data-id=\"1aa2479\" data-element_type=\"widget\" data-e-type=\"widget\" data-widget_type=\"icon-list.default\">\n\t\t\t\t<div class=\"elementor-widget-container\">\n\t\t\t\t\t\t\t<ul class=\"elementor-icon-list-items\">\n\t\t\t\t\t\t\t<li class=\"elementor-icon-list-item\">\n\t\t\t\t\t\t\t\t\t\t\t<a href=\"#elementor-action%3Aaction%3Dpopup%3Aopen%26settings%3DeyJpZCI6IjQ1MzgiLCJ0b2dnbGUiOmZhbHNlfQ%3D%3D\">\n\n\t\t\t\t\t\t\t\t\t\t\t\t<span class=\"elementor-icon-list-icon\">\n\t\t\t\t\t\t\t<i aria-hidden=\"true\" class=\"fas fa-ruler\"><\/i>\t\t\t\t\t\t<\/span>\n\t\t\t\t\t\t\t\t\t\t<span class=\"elementor-icon-list-text\">Tabela de Medidas<\/span>\n\t\t\t\t\t\t\t\t\t\t\t<\/a>\n\t\t\t\t\t\t\t\t\t<\/li>\n\t\t\t\t\t\t<\/ul>\n\t\t\t\t\t\t<\/div>\n\t\t\t\t<\/div>\n\t\t\t\t<div class=\"elementor-element elementor-element-20e55a2c elementor-widget elementor-widget-text-editor\" data-id=\"20e55a2c\" data-element_type=\"widget\" data-e-type=\"widget\" data-widget_type=\"text-editor.default\">\n\t\t\t\t<div class=\"elementor-widget-container\">\n\t\t\t\t\t\t\t\t\tApresentamos a <strong>Blusa Feminina<\/strong> Viscolinho, uma pe\u00e7a que une conforto e estilo em uma combina\u00e7\u00e3o perfeita. Feita com tecido viscolinho de alta qualidade, esta blusa proporciona uma sensa\u00e7\u00e3o suave e fresca ao toque, ideal para os dias mais quentes.\r\n\r\nDispon\u00edvel em uma paleta vibrante de cores, incluindo o radiante Amarelo, o cl\u00e1ssico Off, a suave tonalidade de Orqu\u00eddea e o vibrante Cereja, a Blusa Viscolinho permite que voc\u00ea escolha a cor que melhor se adapta ao seu estilo e personalidade.\r\n\r\nCom op\u00e7\u00f5es de tamanho M e G, esta pe\u00e7a se ajusta perfeitamente ao seu corpo, real\u00e7ando a sua silhueta de maneira elegante. Seja para um passeio descontra\u00eddo, um encontro casual ou at\u00e9 mesmo um compromisso mais formal, a Blusa Viscolinho \u00e9 a escolha vers\u00e1til e moderna para todas as ocasi\u00f5es.\t\t\t\t\t\t\t\t<\/div>\n\t\t\t\t<\/div>\n\t\t\t\t\t<\/div>\n\t\t<\/div>\n\t\t\t\t\t<\/div>\n\t\t<\/section>\n\t\t\t\t<\/div>\n\t\t","protected":false},"excerpt":{"rendered":"<p>Transforme seu guarda-roupa com eleg\u00e2ncia e estilo! Apresentamos a <strong>Blusa Feminina<\/strong> Viscolinho e a Saia Alfaiataria, duas pe\u00e7as que elevam a moda feminina a um novo patamar.<\/p>\n","protected":false},"featured_media":5642,"comment_status":"open","ping_status":"closed","template":"","meta":{"site-sidebar-layout":"default","site-content-layout":"","ast-site-content-layout":"default","site-content-style":"default","site-sidebar-style":"default","ast-global-header-display":"","ast-banner-title-visibility":"","ast-main-header-display":"","ast-hfb-above-header-display":"","ast-hfb-below-header-display":"","ast-hfb-mobile-header-display":"","site-post-title":"","ast-breadcrumbs-content":"","ast-featured-img":"","footer-sml-layout":"","ast-disable-related-posts":"","theme-transparent-header-meta":"default","adv-header-id-meta":"","stick-header-meta":"","header-above-stick-meta":"","header-main-stick-meta":"","header-below-stick-meta":"","astra-migrate-meta-layouts":"set","ast-page-background-enabled":"default","ast-page-background-meta":{"desktop":{"background-color":"","background-image":"","background-repeat":"repeat","background-position":"center center","background-size":"auto","background-attachment":"scroll","background-type":"","background-media":"","overlay-type":"","overlay-color":"","overlay-opacity":"","overlay-gradient":""},"tablet":{"background-color":"","background-image":"","background-repeat":"repeat","background-position":"center center","background-size":"auto","background-attachment":"scroll","background-type":"","background-media":"","overlay-type":"","overlay-color":"","overlay-opacity":"","overlay-gradient":""},"mobile":{"background-color":"","background-image":"","background-repeat":"repeat","background-position":"center center","background-size":"auto","background-attachment":"scroll","background-type":"","background-media":"","overlay-type":"","overlay-color":"","overlay-opacity":"","overlay-gradient":""}},"ast-content-background-meta":{"desktop":{"background-color":"var(--ast-global-color-5)","background-image":"","background-repeat":"repeat","background-position":"center center","background-size":"auto","background-attachment":"scroll","background-type":"","background-media":"","overlay-type":"","overlay-color":"","overlay-opacity":"","overlay-gradient":""},"tablet":{"background-color":"var(--ast-global-color-5)","background-image":"","background-repeat":"repeat","background-position":"center center","background-size":"auto","background-attachment":"scroll","background-type":"","background-media":"","overlay-type":"","overlay-color":"","overlay-opacity":"","overlay-gradient":""},"mobile":{"background-color":"var(--ast-global-color-5)","background-image":"","background-repeat":"repeat","background-position":"center center","background-size":"auto","background-attachment":"scroll","background-type":"","background-media":"","overlay-type":"","overlay-color":"","overlay-opacity":"","overlay-gradient":""}}},"product_brand":[],"product_cat":[17],"product_tag":[55],"class_list":{"0":"post-5640","1":"product","2":"type-product","3":"status-publish","4":"has-post-thumbnail","6":"product_cat-blusas-camisas","7":"product_tag-blusa-feminina","8":"pa_cor-amarelo","9":"pa_tamanho-m","10":"pa_tamanho-p","11":"desktop-align-center","12":"tablet-align-left","13":"mobile-align-center","15":"first","16":"instock","17":"taxable","18":"shipping-taxable","19":"purchasable","20":"product-type-variable"},"aioseo_notices":[],"_links":{"self":[{"href":"https:\/\/lefashionmodas.com.br\/pt_br\/wp-json\/wp\/v2\/product\/5640","targetHints":{"allow":["GET"]}}],"collection":[{"href":"https:\/\/lefashionmodas.com.br\/pt_br\/wp-json\/wp\/v2\/product"}],"about":[{"href":"https:\/\/lefashionmodas.com.br\/pt_br\/wp-json\/wp\/v2\/types\/product"}],"replies":[{"embeddable":true,"href":"https:\/\/lefashionmodas.com.br\/pt_br\/wp-json\/wp\/v2\/comments?post=5640"}],"version-history":[{"count":0,"href":"https:\/\/lefashionmodas.com.br\/pt_br\/wp-json\/wp\/v2\/product\/5640\/revisions"}],"wp:featuredmedia":[{"embeddable":true,"href":"https:\/\/lefashionmodas.com.br\/pt_br\/wp-json\/wp\/v2\/media\/5642"}],"wp:attachment":[{"href":"https:\/\/lefashionmodas.com.br\/pt_br\/wp-json\/wp\/v2\/media?parent=5640"}],"wp:term":[{"taxonomy":"product_brand","embeddable":true,"href":"https:\/\/lefashionmodas.com.br\/pt_br\/wp-json\/wp\/v2\/product_brand?post=5640"},{"taxonomy":"product_cat","embeddable":true,"href":"https:\/\/lefashionmodas.com.br\/pt_br\/wp-json\/wp\/v2\/product_cat?post=5640"},{"taxonomy":"product_tag","embeddable":true,"href":"https:\/\/lefashionmodas.com.br\/pt_br\/wp-json\/wp\/v2\/product_tag?post=5640"}],"curies":[{"name":"wp","href":"https:\/\/api.w.org\/{rel}","templated":true}]}}