{"id":2024,"date":"2023-01-16T22:07:53","date_gmt":"2023-01-16T22:07:53","guid":{"rendered":"https:\/\/lefashionmodas.com.br\/?post_type=product&#038;p=2024"},"modified":"2023-10-21T06:26:52","modified_gmt":"2023-10-21T06:26:52","slug":"blusa-t-shirt-com-lapela","status":"publish","type":"product","link":"https:\/\/lefashionmodas.com.br\/pt_br\/produto\/blusa-t-shirt-com-lapela\/","title":{"rendered":"Blusa T-Shirt Lapela Preta"},"content":{"rendered":"\t\t<div data-elementor-type=\"product-post\" data-elementor-id=\"2024\" class=\"elementor elementor-2024\" data-elementor-post-type=\"product\">\n\t\t\t\t\t\t<section class=\"elementor-section elementor-top-section elementor-element elementor-element-2e620aea elementor-section-boxed elementor-section-height-default elementor-section-height-default\" data-id=\"2e620aea\" data-element_type=\"section\" data-e-type=\"section\">\n\t\t\t\t\t\t<div class=\"elementor-container elementor-column-gap-default\">\n\t\t\t\t\t<div class=\"elementor-column elementor-col-100 elementor-top-column elementor-element elementor-element-2b2be2f\" data-id=\"2b2be2f\" data-element_type=\"column\" data-e-type=\"column\">\n\t\t\t<div class=\"elementor-widget-wrap elementor-element-populated\">\n\t\t\t\t\t\t<div class=\"elementor-element elementor-element-03abf00 elementor-icon-list--layout-traditional elementor-list-item-link-full_width elementor-widget elementor-widget-icon-list\" data-id=\"03abf00\" data-element_type=\"widget\" data-e-type=\"widget\" data-widget_type=\"icon-list.default\">\n\t\t\t\t<div class=\"elementor-widget-container\">\n\t\t\t\t\t\t\t<ul class=\"elementor-icon-list-items\">\n\t\t\t\t\t\t\t<li class=\"elementor-icon-list-item\">\n\t\t\t\t\t\t\t\t\t\t\t<a href=\"#elementor-action%3Aaction%3Dpopup%3Aopen%26settings%3DeyJpZCI6IjQ1MzgiLCJ0b2dnbGUiOmZhbHNlfQ%3D%3D\">\n\n\t\t\t\t\t\t\t\t\t\t\t\t<span class=\"elementor-icon-list-icon\">\n\t\t\t\t\t\t\t<i aria-hidden=\"true\" class=\"fas fa-ruler\"><\/i>\t\t\t\t\t\t<\/span>\n\t\t\t\t\t\t\t\t\t\t<span class=\"elementor-icon-list-text\">Tabela de Medidas<\/span>\n\t\t\t\t\t\t\t\t\t\t\t<\/a>\n\t\t\t\t\t\t\t\t\t<\/li>\n\t\t\t\t\t\t<\/ul>\n\t\t\t\t\t\t<\/div>\n\t\t\t\t<\/div>\n\t\t\t\t<div class=\"elementor-element elementor-element-25d4b072 elementor-widget elementor-widget-text-editor\" data-id=\"25d4b072\" data-element_type=\"widget\" data-e-type=\"widget\" data-widget_type=\"text-editor.default\">\n\t\t\t\t<div class=\"elementor-widget-container\">\n\t\t\t\t\t\t\t\t\t<strong>Blusa T-Shirt Viscolinho Dots<\/strong>\r\n\r\nFeito para todas as mulheres, perfeito para voc\u00ea usar e arrasar!\r\n\r\nMaterial:\r\n\r\n&#8211; Tecido: Viscolycra Premium\r\n&#8211; Composi\u00e7\u00e3o: 96% Viscose 4% Elastano\r\n\r\nMedidas:\r\nTamanho P &#8211; Comprimento: 58 cm &#8211; Largura: 42 cm &#8211; (veste 36 ao 38)\r\nTamanho M &#8211; Comprimento: 60 cm &#8211; Largura: 46 cm &#8211; (veste 40 ao 42)\r\nTamanho G &#8211; Comprimento: 62 cm &#8211; Largura: 48 cm &#8211; (veste 44 ao 46)\t\t\t\t\t\t\t\t<\/div>\n\t\t\t\t<\/div>\n\t\t\t\t\t<\/div>\n\t\t<\/div>\n\t\t\t\t\t<\/div>\n\t\t<\/section>\n\t\t\t\t<\/div>\n\t\t","protected":false},"excerpt":{"rendered":"<p><span class=\"t639aad251ae4e\">Conhe\u00e7a a Le Fashion Modas. Diversos modelos de vestidos, blusas, saias, vestidos e casacos e muito mais. Conhe\u00e7a nossa nova cole\u00e7\u00e3o de <strong>Blusa T-Shirt<\/strong>. Confira nossas ofertas!<\/span><\/p>\n","protected":false},"featured_media":2025,"comment_status":"open","ping_status":"closed","template":"","meta":{"site-sidebar-layout":"default","site-content-layout":"default","ast-site-content-layout":"default","site-content-style":"default","site-sidebar-style":"default","ast-global-header-display":"","ast-banner-title-visibility":"","ast-main-header-display":"","ast-hfb-above-header-display":"","ast-hfb-below-header-display":"","ast-hfb-mobile-header-display":"","site-post-title":"","ast-breadcrumbs-content":"","ast-featured-img":"","footer-sml-layout":"","ast-disable-related-posts":"","theme-transparent-header-meta":"default","adv-header-id-meta":"","stick-header-meta":"","header-above-stick-meta":"","header-main-stick-meta":"","header-below-stick-meta":"","astra-migrate-meta-layouts":"default","ast-page-background-enabled":"default","ast-page-background-meta":{"desktop":{"background-color":"","background-image":"","background-repeat":"repeat","background-position":"center center","background-size":"auto","background-attachment":"scroll","background-type":"","background-media":"","overlay-type":"","overlay-color":"","overlay-opacity":"","overlay-gradient":""},"tablet":{"background-color":"","background-image":"","background-repeat":"repeat","background-position":"center center","background-size":"auto","background-attachment":"scroll","background-type":"","background-media":"","overlay-type":"","overlay-color":"","overlay-opacity":"","overlay-gradient":""},"mobile":{"background-color":"","background-image":"","background-repeat":"repeat","background-position":"center center","background-size":"auto","background-attachment":"scroll","background-type":"","background-media":"","overlay-type":"","overlay-color":"","overlay-opacity":"","overlay-gradient":""}},"ast-content-background-meta":{"desktop":{"background-color":"var(--ast-global-color-5)","background-image":"","background-repeat":"repeat","background-position":"center center","background-size":"auto","background-attachment":"scroll","background-type":"","background-media":"","overlay-type":"","overlay-color":"","overlay-opacity":"","overlay-gradient":""},"tablet":{"background-color":"var(--ast-global-color-5)","background-image":"","background-repeat":"repeat","background-position":"center center","background-size":"auto","background-attachment":"scroll","background-type":"","background-media":"","overlay-type":"","overlay-color":"","overlay-opacity":"","overlay-gradient":""},"mobile":{"background-color":"var(--ast-global-color-5)","background-image":"","background-repeat":"repeat","background-position":"center center","background-size":"auto","background-attachment":"scroll","background-type":"","background-media":"","overlay-type":"","overlay-color":"","overlay-opacity":"","overlay-gradient":""}}},"product_brand":[],"product_cat":[17],"product_tag":[49],"class_list":{"0":"post-2024","1":"product","2":"type-product","3":"status-publish","4":"has-post-thumbnail","6":"product_cat-blusas-camisas","7":"product_tag-blusa-t-shirt","8":"pa_cor-preto","9":"pa_tamanho-g","10":"pa_tamanho-gg","11":"pa_tamanho-m","12":"pa_tamanho-p","13":"pa_tamanho-pp-1","14":"desktop-align-center","15":"tablet-align-left","16":"mobile-align-center","18":"first","19":"instock","20":"taxable","21":"shipping-taxable","22":"purchasable","23":"product-type-variable"},"aioseo_notices":[],"_links":{"self":[{"href":"https:\/\/lefashionmodas.com.br\/pt_br\/wp-json\/wp\/v2\/product\/2024","targetHints":{"allow":["GET"]}}],"collection":[{"href":"https:\/\/lefashionmodas.com.br\/pt_br\/wp-json\/wp\/v2\/product"}],"about":[{"href":"https:\/\/lefashionmodas.com.br\/pt_br\/wp-json\/wp\/v2\/types\/product"}],"replies":[{"embeddable":true,"href":"https:\/\/lefashionmodas.com.br\/pt_br\/wp-json\/wp\/v2\/comments?post=2024"}],"version-history":[{"count":0,"href":"https:\/\/lefashionmodas.com.br\/pt_br\/wp-json\/wp\/v2\/product\/2024\/revisions"}],"wp:featuredmedia":[{"embeddable":true,"href":"https:\/\/lefashionmodas.com.br\/pt_br\/wp-json\/wp\/v2\/media\/2025"}],"wp:attachment":[{"href":"https:\/\/lefashionmodas.com.br\/pt_br\/wp-json\/wp\/v2\/media?parent=2024"}],"wp:term":[{"taxonomy":"product_brand","embeddable":true,"href":"https:\/\/lefashionmodas.com.br\/pt_br\/wp-json\/wp\/v2\/product_brand?post=2024"},{"taxonomy":"product_cat","embeddable":true,"href":"https:\/\/lefashionmodas.com.br\/pt_br\/wp-json\/wp\/v2\/product_cat?post=2024"},{"taxonomy":"product_tag","embeddable":true,"href":"https:\/\/lefashionmodas.com.br\/pt_br\/wp-json\/wp\/v2\/product_tag?post=2024"}],"curies":[{"name":"wp","href":"https:\/\/api.w.org\/{rel}","templated":true}]}}